{"id":1401,"date":"2021-12-07T20:50:25","date_gmt":"2021-12-07T20:50:25","guid":{"rendered":"https:\/\/megyeiprima.hu\/?page_id=1401"},"modified":"2025-10-31T17:19:20","modified_gmt":"2025-10-31T17:19:20","slug":"tamogatok","status":"publish","type":"page","link":"https:\/\/megyeiprima.hu\/?page_id=1401","title":{"rendered":"T\u00e1mogat\u00f3k"},"content":{"rendered":"\t\t<div data-elementor-type=\"wp-page\" data-elementor-id=\"1401\" class=\"elementor elementor-1401\">\n\t\t\t\t\t\t<div class=\"elementor-inner\">\n\t\t\t\t<div class=\"elementor-section-wrap\">\n\t\t\t\t\t\t\t\t\t<section class=\"elementor-section elementor-top-section elementor-element elementor-element-a59fec2 elementor-section-boxed elementor-section-height-default elementor-section-height-default\" data-id=\"a59fec2\" data-element_type=\"section\">\n\t\t\t\t\t\t<div class=\"elementor-container elementor-column-gap-default\">\n\t\t\t\t\t\t\t<div class=\"elementor-row\">\n\t\t\t\t\t<div class=\"elementor-column elementor-col-100 elementor-top-column elementor-element elementor-element-003f544\" data-id=\"003f544\" data-element_type=\"column\">\n\t\t\t<div class=\"elementor-column-wrap elementor-element-populated\">\n\t\t\t\t\t\t\t<div class=\"elementor-widget-wrap\">\n\t\t\t\t\t\t<div class=\"elementor-element elementor-element-f2e8791 elementor-widget elementor-widget-spacer\" data-id=\"f2e8791\" data-element_type=\"widget\" data-widget_type=\"spacer.default\">\n\t\t\t\t<div class=\"elementor-widget-container\">\n\t\t\t\t\t<div class=\"elementor-spacer\">\n\t\t\t<div class=\"elementor-spacer-inner\"><\/div>\n\t\t<\/div>\n\t\t\t\t<\/div>\n\t\t\t\t<\/div>\n\t\t\t\t\t\t<\/div>\n\t\t\t\t\t<\/div>\n\t\t<\/div>\n\t\t\t\t\t\t\t\t<\/div>\n\t\t\t\t\t<\/div>\n\t\t<\/section>\n\t\t\t\t<section class=\"elementor-section elementor-top-section elementor-element elementor-element-4043112 elementor-section-boxed elementor-section-height-default elementor-section-height-default\" data-id=\"4043112\" data-element_type=\"section\">\n\t\t\t\t\t\t<div class=\"elementor-container elementor-column-gap-default\">\n\t\t\t\t\t\t\t<div class=\"elementor-row\">\n\t\t\t\t\t<div class=\"elementor-column elementor-col-100 elementor-top-column elementor-element elementor-element-b9244f8\" data-id=\"b9244f8\" data-element_type=\"column\">\n\t\t\t<div class=\"elementor-column-wrap elementor-element-populated\">\n\t\t\t\t\t\t\t<div class=\"elementor-widget-wrap\">\n\t\t\t\t\t\t<div class=\"elementor-element elementor-element-7b1afb0 gallery-spacing-custom elementor-widget elementor-widget-image-gallery\" data-id=\"7b1afb0\" data-element_type=\"widget\" data-widget_type=\"image-gallery.default\">\n\t\t\t\t<div class=\"elementor-widget-container\">\n\t\t\t\t\t<div class=\"elementor-image-gallery\">\n\t\t\t<div id='gallery-1' class='gallery galleryid-1401 gallery-columns-3 gallery-size-medium'><figure class='gallery-item'>\n\t\t\t<div class='gallery-icon landscape'>\n\t\t\t\t<img width=\"228\" height=\"70\" src=\"https:\/\/megyeiprima.hu\/wp-content\/uploads\/2021\/12\/abrylogoFinal_PNG_web.png\" class=\"attachment-medium size-medium\" alt=\"\" decoding=\"async\" loading=\"lazy\" \/>\n\t\t\t<\/div><\/figure><figure class='gallery-item'>\n\t\t\t<div class='gallery-icon landscape'>\n\t\t\t\t<img width=\"300\" height=\"174\" src=\"https:\/\/megyeiprima.hu\/wp-content\/uploads\/2021\/12\/VOSZlogo_475x275px_2-300x174.jpeg\" class=\"attachment-medium size-medium\" alt=\"\" decoding=\"async\" loading=\"lazy\" srcset=\"https:\/\/megyeiprima.hu\/wp-content\/uploads\/2021\/12\/VOSZlogo_475x275px_2-300x174.jpeg 300w, https:\/\/megyeiprima.hu\/wp-content\/uploads\/2021\/12\/VOSZlogo_475x275px_2.jpeg 475w\" sizes=\"(max-width: 300px) 100vw, 300px\" \/>\n\t\t\t<\/div><\/figure><figure class='gallery-item'>\n\t\t\t<div class='gallery-icon landscape'>\n\t\t\t\t<img width=\"300\" height=\"56\" src=\"https:\/\/megyeiprima.hu\/wp-content\/uploads\/2021\/12\/kavosz-logo.png\" class=\"attachment-medium size-medium\" alt=\"\" decoding=\"async\" loading=\"lazy\" \/>\n\t\t\t<\/div><\/figure><figure class='gallery-item'>\n\t\t\t<div class='gallery-icon landscape'>\n\t\t\t\t<img width=\"300\" height=\"150\" src=\"https:\/\/megyeiprima.hu\/wp-content\/uploads\/2021\/12\/Agria_Drink_logo_cmyk-300x150.jpeg\" class=\"attachment-medium size-medium\" alt=\"\" decoding=\"async\" loading=\"lazy\" srcset=\"https:\/\/megyeiprima.hu\/wp-content\/uploads\/2021\/12\/Agria_Drink_logo_cmyk-300x150.jpeg 300w, https:\/\/megyeiprima.hu\/wp-content\/uploads\/2021\/12\/Agria_Drink_logo_cmyk-1024x512.jpeg 1024w, https:\/\/megyeiprima.hu\/wp-content\/uploads\/2021\/12\/Agria_Drink_logo_cmyk-768x384.jpeg 768w, https:\/\/megyeiprima.hu\/wp-content\/uploads\/2021\/12\/Agria_Drink_logo_cmyk-1536x768.jpeg 1536w, https:\/\/megyeiprima.hu\/wp-content\/uploads\/2021\/12\/Agria_Drink_logo_cmyk-2048x1024.jpeg 2048w\" sizes=\"(max-width: 300px) 100vw, 300px\" \/>\n\t\t\t<\/div><\/figure><figure class='gallery-item'>\n\t\t\t<div class='gallery-icon landscape'>\n\t\t\t\t<img width=\"300\" height=\"300\" src=\"https:\/\/megyeiprima.hu\/wp-content\/uploads\/2021\/12\/BC_SKY_logo_2018_cmyk-1-300x300.png\" class=\"attachment-medium size-medium\" alt=\"\" decoding=\"async\" loading=\"lazy\" srcset=\"https:\/\/megyeiprima.hu\/wp-content\/uploads\/2021\/12\/BC_SKY_logo_2018_cmyk-1-300x300.png 300w, https:\/\/megyeiprima.hu\/wp-content\/uploads\/2021\/12\/BC_SKY_logo_2018_cmyk-1-150x150.png 150w, https:\/\/megyeiprima.hu\/wp-content\/uploads\/2021\/12\/BC_SKY_logo_2018_cmyk-1.png 650w\" sizes=\"(max-width: 300px) 100vw, 300px\" \/>\n\t\t\t<\/div><\/figure><figure class='gallery-item'>\n\t\t\t<div class='gallery-icon landscape'>\n\t\t\t\t<img width=\"300\" height=\"194\" src=\"https:\/\/megyeiprima.hu\/wp-content\/uploads\/2021\/12\/logo011-300x194.jpeg\" class=\"attachment-medium size-medium\" alt=\"\" decoding=\"async\" loading=\"lazy\" srcset=\"https:\/\/megyeiprima.hu\/wp-content\/uploads\/2021\/12\/logo011-300x194.jpeg 300w, https:\/\/megyeiprima.hu\/wp-content\/uploads\/2021\/12\/logo011-1024x662.jpeg 1024w, https:\/\/megyeiprima.hu\/wp-content\/uploads\/2021\/12\/logo011-768x496.jpeg 768w, https:\/\/megyeiprima.hu\/wp-content\/uploads\/2021\/12\/logo011-1536x993.jpeg 1536w, https:\/\/megyeiprima.hu\/wp-content\/uploads\/2021\/12\/logo011-2048x1324.jpeg 2048w\" sizes=\"(max-width: 300px) 100vw, 300px\" \/>\n\t\t\t<\/div><\/figure><figure class='gallery-item'>\n\t\t\t<div class='gallery-icon landscape'>\n\t\t\t\t<img width=\"300\" height=\"150\" src=\"https:\/\/megyeiprima.hu\/wp-content\/uploads\/2021\/12\/BB_masodlagos_vertikalis_logo-300x150.png\" class=\"attachment-medium size-medium\" alt=\"\" decoding=\"async\" loading=\"lazy\" srcset=\"https:\/\/megyeiprima.hu\/wp-content\/uploads\/2021\/12\/BB_masodlagos_vertikalis_logo-300x150.png 300w, https:\/\/megyeiprima.hu\/wp-content\/uploads\/2021\/12\/BB_masodlagos_vertikalis_logo.png 500w\" sizes=\"(max-width: 300px) 100vw, 300px\" \/>\n\t\t\t<\/div><\/figure><figure class='gallery-item'>\n\t\t\t<div class='gallery-icon landscape'>\n\t\t\t\t<img width=\"300\" height=\"95\" src=\"https:\/\/megyeiprima.hu\/wp-content\/uploads\/2021\/12\/Elpak_logo-Zrt-300x95.png\" class=\"attachment-medium size-medium\" alt=\"\" decoding=\"async\" loading=\"lazy\" srcset=\"https:\/\/megyeiprima.hu\/wp-content\/uploads\/2021\/12\/Elpak_logo-Zrt-300x95.png 300w, https:\/\/megyeiprima.hu\/wp-content\/uploads\/2021\/12\/Elpak_logo-Zrt-1024x324.png 1024w, https:\/\/megyeiprima.hu\/wp-content\/uploads\/2021\/12\/Elpak_logo-Zrt-768x243.png 768w, https:\/\/megyeiprima.hu\/wp-content\/uploads\/2021\/12\/Elpak_logo-Zrt-1536x485.png 1536w, https:\/\/megyeiprima.hu\/wp-content\/uploads\/2021\/12\/Elpak_logo-Zrt-2048x647.png 2048w\" sizes=\"(max-width: 300px) 100vw, 300px\" \/>\n\t\t\t<\/div><\/figure><figure class='gallery-item'>\n\t\t\t<div class='gallery-icon landscape'>\n\t\t\t\t<img width=\"300\" height=\"122\" src=\"https:\/\/megyeiprima.hu\/wp-content\/uploads\/2021\/12\/logo-300x122.png\" class=\"attachment-medium size-medium\" alt=\"\" decoding=\"async\" loading=\"lazy\" srcset=\"https:\/\/megyeiprima.hu\/wp-content\/uploads\/2021\/12\/logo-300x122.png 300w, https:\/\/megyeiprima.hu\/wp-content\/uploads\/2021\/12\/logo.png 366w\" sizes=\"(max-width: 300px) 100vw, 300px\" \/>\n\t\t\t<\/div><\/figure><figure class='gallery-item'>\n\t\t\t<div class='gallery-icon landscape'>\n\t\t\t\t<img width=\"300\" height=\"147\" src=\"https:\/\/megyeiprima.hu\/wp-content\/uploads\/2021\/12\/Emblema-300x147.jpeg\" class=\"attachment-medium size-medium\" alt=\"\" decoding=\"async\" loading=\"lazy\" srcset=\"https:\/\/megyeiprima.hu\/wp-content\/uploads\/2021\/12\/Emblema-300x147.jpeg 300w, https:\/\/megyeiprima.hu\/wp-content\/uploads\/2021\/12\/Emblema-1024x500.jpeg 1024w, https:\/\/megyeiprima.hu\/wp-content\/uploads\/2021\/12\/Emblema-768x375.jpeg 768w, https:\/\/megyeiprima.hu\/wp-content\/uploads\/2021\/12\/Emblema-1536x750.jpeg 1536w, https:\/\/megyeiprima.hu\/wp-content\/uploads\/2021\/12\/Emblema-2048x1000.jpeg 2048w\" sizes=\"(max-width: 300px) 100vw, 300px\" \/>\n\t\t\t<\/div><\/figure><figure class='gallery-item'>\n\t\t\t<div class='gallery-icon landscape'>\n\t\t\t\t<img width=\"300\" height=\"57\" src=\"https:\/\/megyeiprima.hu\/wp-content\/uploads\/2021\/12\/MARSHALL_logo-1-300x57.png\" class=\"attachment-medium size-medium\" alt=\"\" decoding=\"async\" loading=\"lazy\" srcset=\"https:\/\/megyeiprima.hu\/wp-content\/uploads\/2021\/12\/MARSHALL_logo-1-300x57.png 300w, https:\/\/megyeiprima.hu\/wp-content\/uploads\/2021\/12\/MARSHALL_logo-1.png 400w\" sizes=\"(max-width: 300px) 100vw, 300px\" \/>\n\t\t\t<\/div><\/figure><figure class='gallery-item'>\n\t\t\t<div class='gallery-icon landscape'>\n\t\t\t\t<img width=\"300\" height=\"92\" src=\"https:\/\/megyeiprima.hu\/wp-content\/uploads\/2021\/12\/logo-cmyk-300x92.jpeg\" class=\"attachment-medium size-medium\" alt=\"\" decoding=\"async\" loading=\"lazy\" srcset=\"https:\/\/megyeiprima.hu\/wp-content\/uploads\/2021\/12\/logo-cmyk-300x92.jpeg 300w, https:\/\/megyeiprima.hu\/wp-content\/uploads\/2021\/12\/logo-cmyk.jpeg 591w\" sizes=\"(max-width: 300px) 100vw, 300px\" \/>\n\t\t\t<\/div><\/figure><figure class='gallery-item'>\n\t\t\t<div class='gallery-icon landscape'>\n\t\t\t\t<img width=\"300\" height=\"288\" src=\"https:\/\/megyeiprima.hu\/wp-content\/uploads\/2021\/12\/logo_2-300x288.jpeg\" class=\"attachment-medium size-medium\" alt=\"\" decoding=\"async\" loading=\"lazy\" srcset=\"https:\/\/megyeiprima.hu\/wp-content\/uploads\/2021\/12\/logo_2-300x288.jpeg 300w, https:\/\/megyeiprima.hu\/wp-content\/uploads\/2021\/12\/logo_2.jpeg 728w\" sizes=\"(max-width: 300px) 100vw, 300px\" \/>\n\t\t\t<\/div><\/figure><figure class='gallery-item'>\n\t\t\t<div class='gallery-icon landscape'>\n\t\t\t\t<img width=\"300\" height=\"169\" src=\"https:\/\/megyeiprima.hu\/wp-content\/uploads\/2021\/12\/Juhaszvin-voros-fekete-logo-300x169.png\" class=\"attachment-medium size-medium\" alt=\"\" decoding=\"async\" loading=\"lazy\" srcset=\"https:\/\/megyeiprima.hu\/wp-content\/uploads\/2021\/12\/Juhaszvin-voros-fekete-logo-300x169.png 300w, https:\/\/megyeiprima.hu\/wp-content\/uploads\/2021\/12\/Juhaszvin-voros-fekete-logo-1024x576.png 1024w, https:\/\/megyeiprima.hu\/wp-content\/uploads\/2021\/12\/Juhaszvin-voros-fekete-logo-768x432.png 768w, https:\/\/megyeiprima.hu\/wp-content\/uploads\/2021\/12\/Juhaszvin-voros-fekete-logo-1536x864.png 1536w, https:\/\/megyeiprima.hu\/wp-content\/uploads\/2021\/12\/Juhaszvin-voros-fekete-logo-2048x1153.png 2048w\" sizes=\"(max-width: 300px) 100vw, 300px\" \/>\n\t\t\t<\/div><\/figure><figure class='gallery-item'>\n\t\t\t<div class='gallery-icon landscape'>\n\t\t\t\t<img width=\"300\" height=\"52\" src=\"https:\/\/megyeiprima.hu\/wp-content\/uploads\/2021\/12\/hosso_logo-300x52.png\" class=\"attachment-medium size-medium\" alt=\"\" decoding=\"async\" loading=\"lazy\" srcset=\"https:\/\/megyeiprima.hu\/wp-content\/uploads\/2021\/12\/hosso_logo-300x52.png 300w, https:\/\/megyeiprima.hu\/wp-content\/uploads\/2021\/12\/hosso_logo-1024x178.png 1024w, https:\/\/megyeiprima.hu\/wp-content\/uploads\/2021\/12\/hosso_logo-768x133.png 768w, https:\/\/megyeiprima.hu\/wp-content\/uploads\/2021\/12\/hosso_logo-1536x267.png 1536w, https:\/\/megyeiprima.hu\/wp-content\/uploads\/2021\/12\/hosso_logo-2048x356.png 2048w\" sizes=\"(max-width: 300px) 100vw, 300px\" \/>\n\t\t\t<\/div><\/figure><figure class='gallery-item'>\n\t\t\t<div class='gallery-icon landscape'>\n\t\t\t\t<img width=\"272\" height=\"272\" src=\"https:\/\/megyeiprima.hu\/wp-content\/uploads\/2021\/12\/01_KITU\u030bZO\u030b_MAYER25_VA\u0301GO\u0301E\u0301L_NE\u0301LKU\u0308L_ZO\u0308LD_23_23mm.png\" class=\"attachment-medium size-medium\" alt=\"\" decoding=\"async\" loading=\"lazy\" srcset=\"https:\/\/megyeiprima.hu\/wp-content\/uploads\/2021\/12\/01_KITU\u030bZO\u030b_MAYER25_VA\u0301GO\u0301E\u0301L_NE\u0301LKU\u0308L_ZO\u0308LD_23_23mm.png 272w, https:\/\/megyeiprima.hu\/wp-content\/uploads\/2021\/12\/01_KITU\u030bZO\u030b_MAYER25_VA\u0301GO\u0301E\u0301L_NE\u0301LKU\u0308L_ZO\u0308LD_23_23mm-150x150.png 150w\" sizes=\"(max-width: 272px) 100vw, 272px\" \/>\n\t\t\t<\/div><\/figure><figure class='gallery-item'>\n\t\t\t<div class='gallery-icon landscape'>\n\t\t\t\t<img width=\"300\" height=\"103\" src=\"https:\/\/megyeiprima.hu\/wp-content\/uploads\/2021\/12\/Ke\u0301p1-300x103.png\" class=\"attachment-medium size-medium\" alt=\"\" decoding=\"async\" loading=\"lazy\" srcset=\"https:\/\/megyeiprima.hu\/wp-content\/uploads\/2021\/12\/Ke\u0301p1-300x103.png 300w, https:\/\/megyeiprima.hu\/wp-content\/uploads\/2021\/12\/Ke\u0301p1-768x263.png 768w, https:\/\/megyeiprima.hu\/wp-content\/uploads\/2021\/12\/Ke\u0301p1.png 971w\" sizes=\"(max-width: 300px) 100vw, 300px\" \/>\n\t\t\t<\/div><\/figure>\n\t\t<\/div>\n\t\t<\/div>\n\t\t\t\t<\/div>\n\t\t\t\t<\/div>\n\t\t\t\t\t\t<\/div>\n\t\t\t\t\t<\/div>\n\t\t<\/div>\n\t\t\t\t\t\t\t\t<\/div>\n\t\t\t\t\t<\/div>\n\t\t<\/section>\n\t\t\t\t<section class=\"elementor-section elementor-top-section elementor-element elementor-element-7d38b64 elementor-section-boxed elementor-section-height-default elementor-section-height-default\" data-id=\"7d38b64\" data-element_type=\"section\">\n\t\t\t\t\t\t<div class=\"elementor-container elementor-column-gap-default\">\n\t\t\t\t\t\t\t<div class=\"elementor-row\">\n\t\t\t\t\t<div class=\"elementor-column elementor-col-100 elementor-top-column elementor-element elementor-element-de4b450\" data-id=\"de4b450\" data-element_type=\"column\">\n\t\t\t<div class=\"elementor-column-wrap elementor-element-populated\">\n\t\t\t\t\t\t\t<div class=\"elementor-widget-wrap\">\n\t\t\t\t\t\t<div class=\"elementor-element elementor-element-eba9c89 elementor-widget elementor-widget-spacer\" data-id=\"eba9c89\" data-element_type=\"widget\" data-widget_type=\"spacer.default\">\n\t\t\t\t<div class=\"elementor-widget-container\">\n\t\t\t\t\t<div class=\"elementor-spacer\">\n\t\t\t<div class=\"elementor-spacer-inner\"><\/div>\n\t\t<\/div>\n\t\t\t\t<\/div>\n\t\t\t\t<\/div>\n\t\t\t\t\t\t<\/div>\n\t\t\t\t\t<\/div>\n\t\t<\/div>\n\t\t\t\t\t\t\t\t<\/div>\n\t\t\t\t\t<\/div>\n\t\t<\/section>\n\t\t\t\t\t\t\t\t\t<\/div>\n\t\t\t<\/div>\n\t\t\t\t\t<\/div>\n\t\t","protected":false},"excerpt":{"rendered":"","protected":false},"author":2,"featured_media":0,"parent":0,"menu_order":0,"comment_status":"closed","ping_status":"closed","template":"elementor_header_footer","meta":[],"yoast_head":"<!-- This site is optimized with the Yoast SEO plugin v19.13 - https:\/\/yoast.com\/wordpress\/plugins\/seo\/ -->\n<title>T\u00e1mogat\u00f3k - Megyei prima<\/title>\n<meta name=\"robots\" content=\"index, follow, max-snippet:-1, max-image-preview:large, max-video-preview:-1\" \/>\n<link rel=\"canonical\" href=\"https:\/\/megyeiprima.hu\/?page_id=1401\" \/>\n<meta property=\"og:locale\" content=\"hu_HU\" \/>\n<meta property=\"og:type\" content=\"article\" \/>\n<meta property=\"og:title\" content=\"T\u00e1mogat\u00f3k - Megyei prima\" \/>\n<meta property=\"og:url\" content=\"https:\/\/megyeiprima.hu\/?page_id=1401\" \/>\n<meta property=\"og:site_name\" content=\"Megyei prima\" \/>\n<meta property=\"article:modified_time\" content=\"2025-10-31T17:19:20+00:00\" \/>\n<meta property=\"og:image\" content=\"https:\/\/megyeiprima.hu\/wp-content\/uploads\/2021\/12\/abrylogoFinal_PNG_web.png\" \/>\n<meta name=\"twitter:card\" content=\"summary_large_image\" \/>\n<meta name=\"twitter:label1\" content=\"Becs\u00fclt olvas\u00e1si id\u0151\" \/>\n\t<meta name=\"twitter:data1\" content=\"4 perc\" \/>\n<script type=\"application\/ld+json\" class=\"yoast-schema-graph\">{\"@context\":\"https:\/\/schema.org\",\"@graph\":[{\"@type\":\"WebPage\",\"@id\":\"https:\/\/megyeiprima.hu\/?page_id=1401\",\"url\":\"https:\/\/megyeiprima.hu\/?page_id=1401\",\"name\":\"T\u00e1mogat\u00f3k - Megyei prima\",\"isPartOf\":{\"@id\":\"https:\/\/megyeiprima.hu\/#website\"},\"datePublished\":\"2021-12-07T20:50:25+00:00\",\"dateModified\":\"2025-10-31T17:19:20+00:00\",\"breadcrumb\":{\"@id\":\"https:\/\/megyeiprima.hu\/?page_id=1401#breadcrumb\"},\"inLanguage\":\"hu\",\"potentialAction\":[{\"@type\":\"ReadAction\",\"target\":[\"https:\/\/megyeiprima.hu\/?page_id=1401\"]}]},{\"@type\":\"BreadcrumbList\",\"@id\":\"https:\/\/megyeiprima.hu\/?page_id=1401#breadcrumb\",\"itemListElement\":[{\"@type\":\"ListItem\",\"position\":1,\"name\":\"Kezd\u0151lap\",\"item\":\"https:\/\/megyeiprima.hu\/\"},{\"@type\":\"ListItem\",\"position\":2,\"name\":\"T\u00e1mogat\u00f3k\"}]},{\"@type\":\"WebSite\",\"@id\":\"https:\/\/megyeiprima.hu\/#website\",\"url\":\"https:\/\/megyeiprima.hu\/\",\"name\":\"Megyei prima\",\"description\":\"Heves megyei prima d\u00edj\",\"publisher\":{\"@id\":\"https:\/\/megyeiprima.hu\/#organization\"},\"potentialAction\":[{\"@type\":\"SearchAction\",\"target\":{\"@type\":\"EntryPoint\",\"urlTemplate\":\"https:\/\/megyeiprima.hu\/?s={search_term_string}\"},\"query-input\":\"required name=search_term_string\"}],\"inLanguage\":\"hu\"},{\"@type\":\"Organization\",\"@id\":\"https:\/\/megyeiprima.hu\/#organization\",\"name\":\"Heves Megyei Prima\",\"url\":\"https:\/\/megyeiprima.hu\/\",\"logo\":{\"@type\":\"ImageObject\",\"inLanguage\":\"hu\",\"@id\":\"https:\/\/megyeiprima.hu\/#\/schema\/logo\/image\/\",\"url\":\"\",\"contentUrl\":\"\",\"caption\":\"Heves Megyei Prima\"},\"image\":{\"@id\":\"https:\/\/megyeiprima.hu\/#\/schema\/logo\/image\/\"}}]}<\/script>\n<!-- \/ Yoast SEO plugin. -->","yoast_head_json":{"title":"T\u00e1mogat\u00f3k - Megyei prima","robots":{"index":"index","follow":"follow","max-snippet":"max-snippet:-1","max-image-preview":"max-image-preview:large","max-video-preview":"max-video-preview:-1"},"canonical":"https:\/\/megyeiprima.hu\/?page_id=1401","og_locale":"hu_HU","og_type":"article","og_title":"T\u00e1mogat\u00f3k - Megyei prima","og_url":"https:\/\/megyeiprima.hu\/?page_id=1401","og_site_name":"Megyei prima","article_modified_time":"2025-10-31T17:19:20+00:00","og_image":[{"url":"https:\/\/megyeiprima.hu\/wp-content\/uploads\/2021\/12\/abrylogoFinal_PNG_web.png"}],"twitter_card":"summary_large_image","twitter_misc":{"Becs\u00fclt olvas\u00e1si id\u0151":"4 perc"},"schema":{"@context":"https:\/\/schema.org","@graph":[{"@type":"WebPage","@id":"https:\/\/megyeiprima.hu\/?page_id=1401","url":"https:\/\/megyeiprima.hu\/?page_id=1401","name":"T\u00e1mogat\u00f3k - Megyei prima","isPartOf":{"@id":"https:\/\/megyeiprima.hu\/#website"},"datePublished":"2021-12-07T20:50:25+00:00","dateModified":"2025-10-31T17:19:20+00:00","breadcrumb":{"@id":"https:\/\/megyeiprima.hu\/?page_id=1401#breadcrumb"},"inLanguage":"hu","potentialAction":[{"@type":"ReadAction","target":["https:\/\/megyeiprima.hu\/?page_id=1401"]}]},{"@type":"BreadcrumbList","@id":"https:\/\/megyeiprima.hu\/?page_id=1401#breadcrumb","itemListElement":[{"@type":"ListItem","position":1,"name":"Kezd\u0151lap","item":"https:\/\/megyeiprima.hu\/"},{"@type":"ListItem","position":2,"name":"T\u00e1mogat\u00f3k"}]},{"@type":"WebSite","@id":"https:\/\/megyeiprima.hu\/#website","url":"https:\/\/megyeiprima.hu\/","name":"Megyei prima","description":"Heves megyei prima d\u00edj","publisher":{"@id":"https:\/\/megyeiprima.hu\/#organization"},"potentialAction":[{"@type":"SearchAction","target":{"@type":"EntryPoint","urlTemplate":"https:\/\/megyeiprima.hu\/?s={search_term_string}"},"query-input":"required name=search_term_string"}],"inLanguage":"hu"},{"@type":"Organization","@id":"https:\/\/megyeiprima.hu\/#organization","name":"Heves Megyei Prima","url":"https:\/\/megyeiprima.hu\/","logo":{"@type":"ImageObject","inLanguage":"hu","@id":"https:\/\/megyeiprima.hu\/#\/schema\/logo\/image\/","url":"","contentUrl":"","caption":"Heves Megyei Prima"},"image":{"@id":"https:\/\/megyeiprima.hu\/#\/schema\/logo\/image\/"}}]}},"_links":{"self":[{"href":"https:\/\/megyeiprima.hu\/index.php?rest_route=\/wp\/v2\/pages\/1401"}],"collection":[{"href":"https:\/\/megyeiprima.hu\/index.php?rest_route=\/wp\/v2\/pages"}],"about":[{"href":"https:\/\/megyeiprima.hu\/index.php?rest_route=\/wp\/v2\/types\/page"}],"author":[{"embeddable":true,"href":"https:\/\/megyeiprima.hu\/index.php?rest_route=\/wp\/v2\/users\/2"}],"replies":[{"embeddable":true,"href":"https:\/\/megyeiprima.hu\/index.php?rest_route=%2Fwp%2Fv2%2Fcomments&post=1401"}],"version-history":[{"count":14,"href":"https:\/\/megyeiprima.hu\/index.php?rest_route=\/wp\/v2\/pages\/1401\/revisions"}],"predecessor-version":[{"id":1708,"href":"https:\/\/megyeiprima.hu\/index.php?rest_route=\/wp\/v2\/pages\/1401\/revisions\/1708"}],"wp:attachment":[{"href":"https:\/\/megyeiprima.hu\/index.php?rest_route=%2Fwp%2Fv2%2Fmedia&parent=1401"}],"curies":[{"name":"wp","href":"https:\/\/api.w.org\/{rel}","templated":true}]}}