{"id":24,"date":"2020-07-09T08:06:03","date_gmt":"2020-07-09T08:06:03","guid":{"rendered":"https:\/\/megyeiprima.hu\/?page_id=24"},"modified":"2021-10-04T08:15:30","modified_gmt":"2021-10-04T08:15:30","slug":"a-megyei-prima-dijrol","status":"publish","type":"page","link":"https:\/\/megyeiprima.hu\/?page_id=24","title":{"rendered":"A megyei prima d\u00edjr\u00f3l"},"content":{"rendered":"\t\t<div data-elementor-type=\"wp-page\" data-elementor-id=\"24\" class=\"elementor elementor-24\">\n\t\t\t\t\t\t<div class=\"elementor-inner\">\n\t\t\t\t<div class=\"elementor-section-wrap\">\n\t\t\t\t\t\t\t\t\t<section class=\"elementor-section elementor-top-section elementor-element elementor-element-f0d5f69 elementor-section-boxed elementor-section-height-default elementor-section-height-default\" data-id=\"f0d5f69\" data-element_type=\"section\">\n\t\t\t\t\t\t<div class=\"elementor-container elementor-column-gap-default\">\n\t\t\t\t\t\t\t<div class=\"elementor-row\">\n\t\t\t\t\t<div class=\"elementor-column elementor-col-100 elementor-top-column elementor-element elementor-element-70129e2\" data-id=\"70129e2\" data-element_type=\"column\">\n\t\t\t<div class=\"elementor-column-wrap elementor-element-populated\">\n\t\t\t\t\t\t\t<div class=\"elementor-widget-wrap\">\n\t\t\t\t\t\t<div class=\"elementor-element elementor-element-ceca931 elementor-widget elementor-widget-spacer\" data-id=\"ceca931\" data-element_type=\"widget\" data-widget_type=\"spacer.default\">\n\t\t\t\t<div class=\"elementor-widget-container\">\n\t\t\t\t\t<div class=\"elementor-spacer\">\n\t\t\t<div class=\"elementor-spacer-inner\"><\/div>\n\t\t<\/div>\n\t\t\t\t<\/div>\n\t\t\t\t<\/div>\n\t\t\t\t\t\t<\/div>\n\t\t\t\t\t<\/div>\n\t\t<\/div>\n\t\t\t\t\t\t\t\t<\/div>\n\t\t\t\t\t<\/div>\n\t\t<\/section>\n\t\t\t\t<section class=\"elementor-section elementor-top-section elementor-element elementor-element-a16d138 elementor-section-boxed elementor-section-height-default elementor-section-height-default\" data-id=\"a16d138\" data-element_type=\"section\">\n\t\t\t\t\t\t<div class=\"elementor-container elementor-column-gap-default\">\n\t\t\t\t\t\t\t<div class=\"elementor-row\">\n\t\t\t\t\t<div class=\"elementor-column elementor-col-100 elementor-top-column elementor-element elementor-element-b4a430b\" data-id=\"b4a430b\" data-element_type=\"column\">\n\t\t\t<div class=\"elementor-column-wrap elementor-element-populated\">\n\t\t\t\t\t\t\t<div class=\"elementor-widget-wrap\">\n\t\t\t\t\t\t<div class=\"elementor-element elementor-element-65c9800 elementor-widget elementor-widget-text-editor\" data-id=\"65c9800\" data-element_type=\"widget\" data-widget_type=\"text-editor.default\">\n\t\t\t\t<div class=\"elementor-widget-container\">\n\t\t\t\t\t\t\t\t<div class=\"elementor-text-editor elementor-clearfix\">\n\t\t\t\t<h4 style=\"text-align: center;\">A Prima Primissima D\u00edj 2005-t\u0151l eg\u00e9sz\u00fclt ki a ter\u00fcleti Prima d\u00edjak rendszer\u00e9vel. Ekkort\u00f3l sz\u0171kebb k\u00f6rnyezet\u00fcnk kiv\u00e1l\u00f3s\u00e1gai is m\u00e9lt\u00f3 elismer\u00e9sben r\u00e9szes\u00fclhetnek.<\/h4>\t\t\t\t\t<\/div>\n\t\t\t\t\t\t<\/div>\n\t\t\t\t<\/div>\n\t\t\t\t\t\t<\/div>\n\t\t\t\t\t<\/div>\n\t\t<\/div>\n\t\t\t\t\t\t\t\t<\/div>\n\t\t\t\t\t<\/div>\n\t\t<\/section>\n\t\t\t\t<section class=\"elementor-section elementor-top-section elementor-element elementor-element-cf1a511 elementor-section-boxed elementor-section-height-default elementor-section-height-default\" data-id=\"cf1a511\" data-element_type=\"section\">\n\t\t\t\t\t\t<div class=\"elementor-container elementor-column-gap-default\">\n\t\t\t\t\t\t\t<div class=\"elementor-row\">\n\t\t\t\t\t<div class=\"elementor-column elementor-col-100 elementor-top-column elementor-element elementor-element-d0fa055\" data-id=\"d0fa055\" data-element_type=\"column\">\n\t\t\t<div class=\"elementor-column-wrap elementor-element-populated\">\n\t\t\t\t\t\t\t<div class=\"elementor-widget-wrap\">\n\t\t\t\t\t\t<div class=\"elementor-element elementor-element-8d7c224 elementor-widget elementor-widget-spacer\" data-id=\"8d7c224\" data-element_type=\"widget\" data-widget_type=\"spacer.default\">\n\t\t\t\t<div class=\"elementor-widget-container\">\n\t\t\t\t\t<div class=\"elementor-spacer\">\n\t\t\t<div class=\"elementor-spacer-inner\"><\/div>\n\t\t<\/div>\n\t\t\t\t<\/div>\n\t\t\t\t<\/div>\n\t\t\t\t\t\t<\/div>\n\t\t\t\t\t<\/div>\n\t\t<\/div>\n\t\t\t\t\t\t\t\t<\/div>\n\t\t\t\t\t<\/div>\n\t\t<\/section>\n\t\t\t\t<section class=\"elementor-section elementor-top-section elementor-element elementor-element-09c6cc2 elementor-section-boxed elementor-section-height-default elementor-section-height-default\" data-id=\"09c6cc2\" data-element_type=\"section\">\n\t\t\t\t\t\t<div class=\"elementor-container elementor-column-gap-default\">\n\t\t\t\t\t\t\t<div class=\"elementor-row\">\n\t\t\t\t\t<div class=\"elementor-column elementor-col-66 elementor-top-column elementor-element elementor-element-a5d7cc4\" data-id=\"a5d7cc4\" data-element_type=\"column\">\n\t\t\t<div class=\"elementor-column-wrap elementor-element-populated\">\n\t\t\t\t\t\t\t<div class=\"elementor-widget-wrap\">\n\t\t\t\t\t\t<div class=\"elementor-element elementor-element-e7fe03f elementor-widget elementor-widget-image\" data-id=\"e7fe03f\" data-element_type=\"widget\" data-widget_type=\"image.default\">\n\t\t\t\t<div class=\"elementor-widget-container\">\n\t\t\t\t\t\t\t\t<div class=\"elementor-image\">\n\t\t\t\t\t\t\t\t\t<figure class=\"wp-caption\">\n\t\t\t\t\t\t\t\t\t\t<img decoding=\"async\" width=\"790\" height=\"528\" src=\"https:\/\/megyeiprima.hu\/wp-content\/uploads\/2021\/10\/primaHM2000px30-1024x684.jpg\" class=\"attachment-large size-large wp-image-1230\" alt=\"\" loading=\"lazy\" srcset=\"https:\/\/megyeiprima.hu\/wp-content\/uploads\/2021\/10\/primaHM2000px30-1024x684.jpg 1024w, https:\/\/megyeiprima.hu\/wp-content\/uploads\/2021\/10\/primaHM2000px30-300x200.jpg 300w, https:\/\/megyeiprima.hu\/wp-content\/uploads\/2021\/10\/primaHM2000px30-768x513.jpg 768w, https:\/\/megyeiprima.hu\/wp-content\/uploads\/2021\/10\/primaHM2000px30-1536x1026.jpg 1536w, https:\/\/megyeiprima.hu\/wp-content\/uploads\/2021\/10\/primaHM2000px30.jpg 1920w\" sizes=\"(max-width: 790px) 100vw, 790px\" \/>\t\t\t\t\t\t\t\t\t\t\t<figcaption class=\"widget-image-caption wp-caption-text\">Fot\u00f3: Husz\u00e1r M\u00e1rk<\/figcaption>\n\t\t\t\t\t\t\t\t\t\t<\/figure>\n\t\t\t\t\t\t\t\t<\/div>\n\t\t\t\t\t\t<\/div>\n\t\t\t\t<\/div>\n\t\t\t\t\t\t<\/div>\n\t\t\t\t\t<\/div>\n\t\t<\/div>\n\t\t\t\t<div class=\"elementor-column elementor-col-33 elementor-top-column elementor-element elementor-element-ea98774\" data-id=\"ea98774\" data-element_type=\"column\">\n\t\t\t<div class=\"elementor-column-wrap elementor-element-populated\">\n\t\t\t\t\t\t\t<div class=\"elementor-widget-wrap\">\n\t\t\t\t\t\t<div class=\"elementor-element elementor-element-251b00a elementor-widget elementor-widget-text-editor\" data-id=\"251b00a\" data-element_type=\"widget\" data-widget_type=\"text-editor.default\">\n\t\t\t\t<div class=\"elementor-widget-container\">\n\t\t\t\t\t\t\t\t<div class=\"elementor-text-editor elementor-clearfix\">\n\t\t\t\t<p>A Prima Primissima D\u00edj sikere a v\u00e1llalkoz\u00f3i szf\u00e9ra figyelm\u00e9t is felh\u00edvta az elismer\u00e9s fontoss\u00e1g\u00e1ra: a v\u00e1llalkoz\u00f3k legjava hamar felismerte a d\u00edj \u00e9rt\u00e9keit, \u00edgy 2005-t\u0151l a Prima Primissima ter\u00fcleti Prima d\u00edjakkal eg\u00e9sz\u00fclt ki.<\/p><p>Alig hat \u00e9v alatt az \u00f6sszes megye csatlakozott, \u00edgy m\u00e1ra az orsz\u00e1g eg\u00e9sz ter\u00fclet\u00e9n \u00f6n\u00e1ll\u00f3 elismer\u00e9sben r\u00e9szes\u00fclhetnek a szellemi \u00e9let, a kult\u00fara, a tudom\u00e1ny, a m\u0171v\u00e9szet \u00e9s a sport megyei legjobbjai. \u0150k azok, akik k\u00f6zelr\u0151l figyelhet\u0151, megismerhet\u0151 p\u00e9ldak\u00e9peiv\u00e9 v\u00e1lhatnak sz\u0171kebb haz\u00e1juk k\u00f6z\u00f6ss\u00e9g\u00e9nek.<\/p>\t\t\t\t\t<\/div>\n\t\t\t\t\t\t<\/div>\n\t\t\t\t<\/div>\n\t\t\t\t\t\t<\/div>\n\t\t\t\t\t<\/div>\n\t\t<\/div>\n\t\t\t\t\t\t\t\t<\/div>\n\t\t\t\t\t<\/div>\n\t\t<\/section>\n\t\t\t\t<section class=\"elementor-section elementor-top-section elementor-element elementor-element-9eee828 elementor-section-boxed elementor-section-height-default elementor-section-height-default\" data-id=\"9eee828\" data-element_type=\"section\">\n\t\t\t\t\t\t<div class=\"elementor-container elementor-column-gap-default\">\n\t\t\t\t\t\t\t<div class=\"elementor-row\">\n\t\t\t\t\t<div class=\"elementor-column elementor-col-50 elementor-top-column elementor-element elementor-element-20c1ba7\" data-id=\"20c1ba7\" data-element_type=\"column\">\n\t\t\t<div class=\"elementor-column-wrap elementor-element-populated\">\n\t\t\t\t\t\t\t<div class=\"elementor-widget-wrap\">\n\t\t\t\t\t\t<div class=\"elementor-element elementor-element-792b9ba elementor-widget elementor-widget-text-editor\" data-id=\"792b9ba\" data-element_type=\"widget\" data-widget_type=\"text-editor.default\">\n\t\t\t\t<div class=\"elementor-widget-container\">\n\t\t\t\t\t\t\t\t<div class=\"elementor-text-editor elementor-clearfix\">\n\t\t\t\t<p>A megyei Prima d\u00edjak rendszer\u00e9nek c\u00e9lja, hogy meg\u0151rizze a magyar \u00e9rtelmis\u00e9g \u00e9s szellem helyi eredm\u00e9nyeit, er\u0151s\u00edtve a kisebb t\u00e1rsadalmi egys\u00e9gek \u00f6sszetartoz\u00e1s\u00e1t, el\u0151seg\u00edtve fejl\u0151d\u00e9s\u00fcket.<\/p><p>Az \u00e9venk\u00e9nt oda\u00edt\u00e9lt megyei Prima d\u00edjat mind a tizenkilenc megy\u00e9ben, megy\u00e9nk\u00e9nt h\u00e1rman nyerhetik el.<\/p>\t\t\t\t\t<\/div>\n\t\t\t\t\t\t<\/div>\n\t\t\t\t<\/div>\n\t\t\t\t\t\t<\/div>\n\t\t\t\t\t<\/div>\n\t\t<\/div>\n\t\t\t\t<div class=\"elementor-column elementor-col-50 elementor-top-column elementor-element elementor-element-430415e\" data-id=\"430415e\" data-element_type=\"column\">\n\t\t\t<div class=\"elementor-column-wrap elementor-element-populated\">\n\t\t\t\t\t\t\t<div class=\"elementor-widget-wrap\">\n\t\t\t\t\t\t<div class=\"elementor-element elementor-element-22eb956 elementor-widget elementor-widget-image\" data-id=\"22eb956\" data-element_type=\"widget\" data-widget_type=\"image.default\">\n\t\t\t\t<div class=\"elementor-widget-container\">\n\t\t\t\t\t\t\t\t<div class=\"elementor-image\">\n\t\t\t\t\t\t\t\t\t<figure class=\"wp-caption\">\n\t\t\t\t\t\t\t\t\t\t<img decoding=\"async\" width=\"790\" height=\"528\" src=\"https:\/\/megyeiprima.hu\/wp-content\/uploads\/2021\/10\/primaHM2000px36-1024x684.jpg\" class=\"attachment-large size-large wp-image-1231\" alt=\"\" loading=\"lazy\" srcset=\"https:\/\/megyeiprima.hu\/wp-content\/uploads\/2021\/10\/primaHM2000px36-1024x684.jpg 1024w, https:\/\/megyeiprima.hu\/wp-content\/uploads\/2021\/10\/primaHM2000px36-300x200.jpg 300w, https:\/\/megyeiprima.hu\/wp-content\/uploads\/2021\/10\/primaHM2000px36-768x513.jpg 768w, https:\/\/megyeiprima.hu\/wp-content\/uploads\/2021\/10\/primaHM2000px36-1536x1026.jpg 1536w, https:\/\/megyeiprima.hu\/wp-content\/uploads\/2021\/10\/primaHM2000px36.jpg 1920w\" sizes=\"(max-width: 790px) 100vw, 790px\" \/>\t\t\t\t\t\t\t\t\t\t\t<figcaption class=\"widget-image-caption wp-caption-text\">Fot\u00f3: Husz\u00e1r M\u00e1rk<\/figcaption>\n\t\t\t\t\t\t\t\t\t\t<\/figure>\n\t\t\t\t\t\t\t\t<\/div>\n\t\t\t\t\t\t<\/div>\n\t\t\t\t<\/div>\n\t\t\t\t\t\t<\/div>\n\t\t\t\t\t<\/div>\n\t\t<\/div>\n\t\t\t\t\t\t\t\t<\/div>\n\t\t\t\t\t<\/div>\n\t\t<\/section>\n\t\t\t\t<section class=\"elementor-section elementor-top-section elementor-element elementor-element-ab4aa17 elementor-section-boxed elementor-section-height-default elementor-section-height-default\" data-id=\"ab4aa17\" data-element_type=\"section\">\n\t\t\t\t\t\t<div class=\"elementor-container elementor-column-gap-default\">\n\t\t\t\t\t\t\t<div class=\"elementor-row\">\n\t\t\t\t\t<div class=\"elementor-column elementor-col-100 elementor-top-column elementor-element elementor-element-8035fbf\" data-id=\"8035fbf\" data-element_type=\"column\">\n\t\t\t<div class=\"elementor-column-wrap elementor-element-populated\">\n\t\t\t\t\t\t\t<div class=\"elementor-widget-wrap\">\n\t\t\t\t\t\t<div class=\"elementor-element elementor-element-17fdfe4 elementor-widget elementor-widget-spacer\" data-id=\"17fdfe4\" data-element_type=\"widget\" data-widget_type=\"spacer.default\">\n\t\t\t\t<div class=\"elementor-widget-container\">\n\t\t\t\t\t<div class=\"elementor-spacer\">\n\t\t\t<div class=\"elementor-spacer-inner\"><\/div>\n\t\t<\/div>\n\t\t\t\t<\/div>\n\t\t\t\t<\/div>\n\t\t\t\t\t\t<\/div>\n\t\t\t\t\t<\/div>\n\t\t<\/div>\n\t\t\t\t\t\t\t\t<\/div>\n\t\t\t\t\t<\/div>\n\t\t<\/section>\n\t\t\t\t\t\t\t\t\t<\/div>\n\t\t\t<\/div>\n\t\t\t\t\t<\/div>\n\t\t","protected":false},"excerpt":{"rendered":"<p>A Prima Primissima D\u00edj sikere a v\u00e1llalkoz\u00f3i szf\u00e9ra figyelm\u00e9t is felh\u00edvta az elismer\u00e9s fontoss\u00e1g\u00e1ra: a v\u00e1llalkoz\u00f3k legjava hamar felismerte a d\u00edj \u00e9rt\u00e9keit, \u00edgy 2005-t\u0151l a Prima Primissima ter\u00fcleti Prima d\u00edjakkal eg\u00e9sz\u00fclt ki.<br \/>\ner\u0151s\u00edtve a kisebb t\u00e1rsadalmi egys\u00e9gek \u00f6sszetartoz\u00e1s\u00e1t, el\u0151seg\u00edtve fejl\u0151d\u00e9s\u00fcket.<\/p>\n<p>Alig hat \u00e9v alatt az \u00f6sszes megye csatlakozott, \u00edgy m\u00e1ra az orsz\u00e1g eg\u00e9sz ter\u00fclet\u00e9n \u00f6n\u00e1ll\u00f3 elismer\u00e9sben r\u00e9szes\u00fclhetnek a szellemi \u00e9let, a kult\u00fara, a tudom\u00e1ny, a m\u0171v\u00e9szet \u00e9s a sport megyei legjobbjai.<\/p>\n","protected":false},"author":2,"featured_media":0,"parent":0,"menu_order":0,"comment_status":"closed","ping_status":"closed","template":"templates\/full-width-page.php","meta":[],"yoast_head":"<!-- This site is optimized with the Yoast SEO plugin v19.13 - https:\/\/yoast.com\/wordpress\/plugins\/seo\/ -->\n<title>A megyei prima d\u00edjr\u00f3l - Megyei prima<\/title>\n<meta name=\"description\" content=\"Az \u00e9venk\u00e9nt oda\u00edt\u00e9lt megyei Prima d\u00edjat mind a tizenkilenc megy\u00e9ben, megy\u00e9nk\u00e9nt h\u00e1rman nyerhetik el.\" \/>\n<meta name=\"robots\" content=\"index, follow, max-snippet:-1, max-image-preview:large, max-video-preview:-1\" \/>\n<link rel=\"canonical\" href=\"https:\/\/megyeiprima.hu\/?page_id=24\" \/>\n<meta property=\"og:locale\" content=\"hu_HU\" \/>\n<meta property=\"og:type\" content=\"article\" \/>\n<meta property=\"og:title\" content=\"A megyei prima d\u00edjr\u00f3l - Megyei prima\" \/>\n<meta property=\"og:description\" content=\"Az \u00e9venk\u00e9nt oda\u00edt\u00e9lt megyei Prima d\u00edjat mind a tizenkilenc megy\u00e9ben, megy\u00e9nk\u00e9nt h\u00e1rman nyerhetik el.\" \/>\n<meta property=\"og:url\" content=\"https:\/\/megyeiprima.hu\/?page_id=24\" \/>\n<meta property=\"og:site_name\" content=\"Megyei prima\" \/>\n<meta property=\"article:modified_time\" content=\"2021-10-04T08:15:30+00:00\" \/>\n<meta property=\"og:image\" content=\"https:\/\/megyeiprima.hu\/wp-content\/uploads\/2021\/10\/primaHM2000px30-1024x684.jpg\" \/>\n<meta name=\"twitter:card\" content=\"summary_large_image\" \/>\n<meta name=\"twitter:label1\" content=\"Becs\u00fclt olvas\u00e1si id\u0151\" \/>\n\t<meta name=\"twitter:data1\" content=\"2 perc\" \/>\n<script type=\"application\/ld+json\" class=\"yoast-schema-graph\">{\"@context\":\"https:\/\/schema.org\",\"@graph\":[{\"@type\":\"WebPage\",\"@id\":\"https:\/\/megyeiprima.hu\/?page_id=24\",\"url\":\"https:\/\/megyeiprima.hu\/?page_id=24\",\"name\":\"A megyei prima d\u00edjr\u00f3l - Megyei prima\",\"isPartOf\":{\"@id\":\"https:\/\/megyeiprima.hu\/#website\"},\"datePublished\":\"2020-07-09T08:06:03+00:00\",\"dateModified\":\"2021-10-04T08:15:30+00:00\",\"description\":\"Az \u00e9venk\u00e9nt oda\u00edt\u00e9lt megyei Prima d\u00edjat mind a tizenkilenc megy\u00e9ben, megy\u00e9nk\u00e9nt h\u00e1rman nyerhetik el.\",\"breadcrumb\":{\"@id\":\"https:\/\/megyeiprima.hu\/?page_id=24#breadcrumb\"},\"inLanguage\":\"hu\",\"potentialAction\":[{\"@type\":\"ReadAction\",\"target\":[\"https:\/\/megyeiprima.hu\/?page_id=24\"]}]},{\"@type\":\"BreadcrumbList\",\"@id\":\"https:\/\/megyeiprima.hu\/?page_id=24#breadcrumb\",\"itemListElement\":[{\"@type\":\"ListItem\",\"position\":1,\"name\":\"Kezd\u0151lap\",\"item\":\"https:\/\/megyeiprima.hu\/\"},{\"@type\":\"ListItem\",\"position\":2,\"name\":\"A megyei prima d\u00edjr\u00f3l\"}]},{\"@type\":\"WebSite\",\"@id\":\"https:\/\/megyeiprima.hu\/#website\",\"url\":\"https:\/\/megyeiprima.hu\/\",\"name\":\"Megyei prima\",\"description\":\"Heves megyei prima d\u00edj\",\"publisher\":{\"@id\":\"https:\/\/megyeiprima.hu\/#organization\"},\"potentialAction\":[{\"@type\":\"SearchAction\",\"target\":{\"@type\":\"EntryPoint\",\"urlTemplate\":\"https:\/\/megyeiprima.hu\/?s={search_term_string}\"},\"query-input\":\"required name=search_term_string\"}],\"inLanguage\":\"hu\"},{\"@type\":\"Organization\",\"@id\":\"https:\/\/megyeiprima.hu\/#organization\",\"name\":\"Heves Megyei Prima\",\"url\":\"https:\/\/megyeiprima.hu\/\",\"logo\":{\"@type\":\"ImageObject\",\"inLanguage\":\"hu\",\"@id\":\"https:\/\/megyeiprima.hu\/#\/schema\/logo\/image\/\",\"url\":\"\",\"contentUrl\":\"\",\"caption\":\"Heves Megyei Prima\"},\"image\":{\"@id\":\"https:\/\/megyeiprima.hu\/#\/schema\/logo\/image\/\"}}]}<\/script>\n<!-- \/ Yoast SEO plugin. -->","yoast_head_json":{"title":"A megyei prima d\u00edjr\u00f3l - Megyei prima","description":"Az \u00e9venk\u00e9nt oda\u00edt\u00e9lt megyei Prima d\u00edjat mind a tizenkilenc megy\u00e9ben, megy\u00e9nk\u00e9nt h\u00e1rman nyerhetik el.","robots":{"index":"index","follow":"follow","max-snippet":"max-snippet:-1","max-image-preview":"max-image-preview:large","max-video-preview":"max-video-preview:-1"},"canonical":"https:\/\/megyeiprima.hu\/?page_id=24","og_locale":"hu_HU","og_type":"article","og_title":"A megyei prima d\u00edjr\u00f3l - Megyei prima","og_description":"Az \u00e9venk\u00e9nt oda\u00edt\u00e9lt megyei Prima d\u00edjat mind a tizenkilenc megy\u00e9ben, megy\u00e9nk\u00e9nt h\u00e1rman nyerhetik el.","og_url":"https:\/\/megyeiprima.hu\/?page_id=24","og_site_name":"Megyei prima","article_modified_time":"2021-10-04T08:15:30+00:00","og_image":[{"url":"https:\/\/megyeiprima.hu\/wp-content\/uploads\/2021\/10\/primaHM2000px30-1024x684.jpg"}],"twitter_card":"summary_large_image","twitter_misc":{"Becs\u00fclt olvas\u00e1si id\u0151":"2 perc"},"schema":{"@context":"https:\/\/schema.org","@graph":[{"@type":"WebPage","@id":"https:\/\/megyeiprima.hu\/?page_id=24","url":"https:\/\/megyeiprima.hu\/?page_id=24","name":"A megyei prima d\u00edjr\u00f3l - Megyei prima","isPartOf":{"@id":"https:\/\/megyeiprima.hu\/#website"},"datePublished":"2020-07-09T08:06:03+00:00","dateModified":"2021-10-04T08:15:30+00:00","description":"Az \u00e9venk\u00e9nt oda\u00edt\u00e9lt megyei Prima d\u00edjat mind a tizenkilenc megy\u00e9ben, megy\u00e9nk\u00e9nt h\u00e1rman nyerhetik el.","breadcrumb":{"@id":"https:\/\/megyeiprima.hu\/?page_id=24#breadcrumb"},"inLanguage":"hu","potentialAction":[{"@type":"ReadAction","target":["https:\/\/megyeiprima.hu\/?page_id=24"]}]},{"@type":"BreadcrumbList","@id":"https:\/\/megyeiprima.hu\/?page_id=24#breadcrumb","itemListElement":[{"@type":"ListItem","position":1,"name":"Kezd\u0151lap","item":"https:\/\/megyeiprima.hu\/"},{"@type":"ListItem","position":2,"name":"A megyei prima d\u00edjr\u00f3l"}]},{"@type":"WebSite","@id":"https:\/\/megyeiprima.hu\/#website","url":"https:\/\/megyeiprima.hu\/","name":"Megyei prima","description":"Heves megyei prima d\u00edj","publisher":{"@id":"https:\/\/megyeiprima.hu\/#organization"},"potentialAction":[{"@type":"SearchAction","target":{"@type":"EntryPoint","urlTemplate":"https:\/\/megyeiprima.hu\/?s={search_term_string}"},"query-input":"required name=search_term_string"}],"inLanguage":"hu"},{"@type":"Organization","@id":"https:\/\/megyeiprima.hu\/#organization","name":"Heves Megyei Prima","url":"https:\/\/megyeiprima.hu\/","logo":{"@type":"ImageObject","inLanguage":"hu","@id":"https:\/\/megyeiprima.hu\/#\/schema\/logo\/image\/","url":"","contentUrl":"","caption":"Heves Megyei Prima"},"image":{"@id":"https:\/\/megyeiprima.hu\/#\/schema\/logo\/image\/"}}]}},"_links":{"self":[{"href":"https:\/\/megyeiprima.hu\/index.php?rest_route=\/wp\/v2\/pages\/24"}],"collection":[{"href":"https:\/\/megyeiprima.hu\/index.php?rest_route=\/wp\/v2\/pages"}],"about":[{"href":"https:\/\/megyeiprima.hu\/index.php?rest_route=\/wp\/v2\/types\/page"}],"author":[{"embeddable":true,"href":"https:\/\/megyeiprima.hu\/index.php?rest_route=\/wp\/v2\/users\/2"}],"replies":[{"embeddable":true,"href":"https:\/\/megyeiprima.hu\/index.php?rest_route=%2Fwp%2Fv2%2Fcomments&post=24"}],"version-history":[{"count":32,"href":"https:\/\/megyeiprima.hu\/index.php?rest_route=\/wp\/v2\/pages\/24\/revisions"}],"predecessor-version":[{"id":1329,"href":"https:\/\/megyeiprima.hu\/index.php?rest_route=\/wp\/v2\/pages\/24\/revisions\/1329"}],"wp:attachment":[{"href":"https:\/\/megyeiprima.hu\/index.php?rest_route=%2Fwp%2Fv2%2Fmedia&parent=24"}],"curies":[{"name":"wp","href":"https:\/\/api.w.org\/{rel}","templated":true}]}}