{"id":26,"date":"2020-07-09T08:07:50","date_gmt":"2020-07-09T08:07:50","guid":{"rendered":"https:\/\/megyeiprima.hu\/?page_id=26"},"modified":"2025-10-31T17:16:22","modified_gmt":"2025-10-31T17:16:22","slug":"tamogassa-on-is-a-kultura-kepviseloit","status":"publish","type":"page","link":"https:\/\/megyeiprima.hu\/?page_id=26","title":{"rendered":"T\u00e1mogasson minket!"},"content":{"rendered":"\t\t<div data-elementor-type=\"wp-page\" data-elementor-id=\"26\" class=\"elementor elementor-26\">\n\t\t\t\t\t\t<div class=\"elementor-inner\">\n\t\t\t\t<div class=\"elementor-section-wrap\">\n\t\t\t\t\t\t\t\t\t<section class=\"elementor-section elementor-top-section elementor-element elementor-element-e04284c elementor-section-content-middle elementor-section-boxed elementor-section-height-default elementor-section-height-default\" data-id=\"e04284c\" data-element_type=\"section\">\n\t\t\t\t\t\t<div class=\"elementor-container elementor-column-gap-default\">\n\t\t\t\t\t\t\t<div class=\"elementor-row\">\n\t\t\t\t\t<div class=\"elementor-column elementor-col-50 elementor-top-column elementor-element elementor-element-a5e8c33\" data-id=\"a5e8c33\" data-element_type=\"column\">\n\t\t\t<div class=\"elementor-column-wrap elementor-element-populated\">\n\t\t\t\t\t\t\t<div class=\"elementor-widget-wrap\">\n\t\t\t\t\t\t<div class=\"elementor-element elementor-element-343d810 elementor-widget elementor-widget-image\" data-id=\"343d810\" data-element_type=\"widget\" data-widget_type=\"image.default\">\n\t\t\t\t<div class=\"elementor-widget-container\">\n\t\t\t\t\t\t\t\t<div class=\"elementor-image\">\n\t\t\t\t\t\t\t\t\t\t\t\t<img decoding=\"async\" width=\"389\" height=\"358\" src=\"https:\/\/megyeiprima.hu\/wp-content\/uploads\/2021\/10\/image001.png\" class=\"attachment-large size-large wp-image-1251\" alt=\"\" loading=\"lazy\" srcset=\"https:\/\/megyeiprima.hu\/wp-content\/uploads\/2021\/10\/image001.png 389w, https:\/\/megyeiprima.hu\/wp-content\/uploads\/2021\/10\/image001-300x276.png 300w\" sizes=\"(max-width: 389px) 100vw, 389px\" \/>\t\t\t\t\t\t\t\t\t\t\t\t\t\t<\/div>\n\t\t\t\t\t\t<\/div>\n\t\t\t\t<\/div>\n\t\t\t\t\t\t<\/div>\n\t\t\t\t\t<\/div>\n\t\t<\/div>\n\t\t\t\t<div class=\"elementor-column elementor-col-50 elementor-top-column elementor-element elementor-element-1c06e19\" data-id=\"1c06e19\" data-element_type=\"column\">\n\t\t\t<div class=\"elementor-column-wrap elementor-element-populated\">\n\t\t\t\t\t\t\t<div class=\"elementor-widget-wrap\">\n\t\t\t\t\t\t<div class=\"elementor-element elementor-element-26ab7b0 elementor-widget elementor-widget-text-editor\" data-id=\"26ab7b0\" data-element_type=\"widget\" data-widget_type=\"text-editor.default\">\n\t\t\t\t<div class=\"elementor-widget-container\">\n\t\t\t\t\t\t\t\t<div class=\"elementor-text-editor elementor-clearfix\">\n\t\t\t\t<p>A V\u00e1llalkoz\u00f3k \u00e9s Munk\u00e1ltat\u00f3k Orsz\u00e1gos Sz\u00f6vets\u00e9g\u00e9nek (VOSZ) Heves megyei Szervezete \u00e9vr\u0151l \u00e9vre megszervezi a Megyei Prima d\u00edj\u00e1tad\u00f3 G\u00e1laestet.<\/p>\n<p>Ez a k\u00fcl\u00f6nleges esem\u00e9ny a megyei k\u00f6z\u00e9let legrangosabb t\u00e1rsadalmi esem\u00e9ny\u00e9v\u00e9 v\u00e1lt az elm\u00falt t\u00f6bb mint 10 \u00e9vben.<\/p>\n<p>A Heves megyei m\u0171v\u00e9sz \u00e9let kiemelked\u0151 k\u00e9pvisel\u0151inek a d\u00edjaz\u00e1sa \u00e9s mag\u00e1nak a d\u00edj\u00e1tad\u00f3 g\u00e1laestnek a finansz\u00edroz\u00e1sa els\u0151sorban a helyi v\u00e1llalkoz\u00f3i k\u00f6z\u00f6ss\u00e9g \u00f6sszefog\u00e1s\u00e1val val\u00f3sul meg \u00e9vr\u0151l \u00e9vre. K\u00e9rj\u00fck, hogy j\u00e1ruljon hozz\u00e1 \u00d6n is a megye szellemi, kultur\u00e1lis, m\u0171v\u00e9szeti, oktat\u00e1si, m\u0171vel\u0151d\u00e9si, tudom\u00e1nyos \u00e9s sport \u00e9let\u00e9nek fejleszt\u00e9s\u00e9hez, a gazdas\u00e1gi-t\u00e1rsadalmi k\u00f6rnyezet\u00fcnk jobb\u00e1 t\u00e9tel\u00e9hez.<\/p>\n<p>A rendezv\u00e9ny p\u00e9nz\u00fcgyi t\u00e1mogat\u00f3i r\u00e9sz\u00e9re term\u00e9szetesen biztos\u00edtjuk a rangos esem\u00e9nyen val\u00f3 r\u00e9szv\u00e9teli lehet\u0151s\u00e9get, valamint a szponzori fel\u00fcleteken val\u00f3 megjelentet\u00e9st.<\/p>\n<p>A g\u00e1laest k\u00f6z\u00f6ns\u00e9ge jellemz\u0151en a megye vezet\u0151 v\u00e1llalkoz\u00f3ib\u00f3l, v\u00e1rosi \u00e9s int\u00e9zm\u00e9nyi d\u00f6nt\u00e9shoz\u00f3kb\u00f3l, m\u0171v\u00e9szekb\u0151l, \u00e9s civil szervezetek k\u00e9pvisel\u0151ib\u0151l \u00e1ll. \u0150szint\u00e9n rem\u00e9lj\u00fck, hogy eme fontos \u00e9s jelent\u0151s megyei esem\u00e9ny t\u00e1mogat\u00e1s\u00e1t \u00d6n is fontosnak \u00e9rzi, \u00e9s alkalmunk lesz szem\u00e9lyesen k\u00f6sz\u00f6nteni a g\u00e1laesten, ahol m\u00e9lt\u00f3k\u00e9ppen egy\u00fctt \u00fcnnepelj\u00fck szellemi \u00e9let\u00fcnk kimagasl\u00f3 k\u00e9pvisel\u0151it!<\/p>\n<p><i>\u00c1bry Zolt\u00e1n<\/i><\/p>\n<p><em>Heves megyei eln\u00f6k<\/em><\/p>\t\t\t\t\t<\/div>\n\t\t\t\t\t\t<\/div>\n\t\t\t\t<\/div>\n\t\t\t\t\t\t<\/div>\n\t\t\t\t\t<\/div>\n\t\t<\/div>\n\t\t\t\t\t\t\t\t<\/div>\n\t\t\t\t\t<\/div>\n\t\t<\/section>\n\t\t\t\t\t\t\t\t\t<\/div>\n\t\t\t<\/div>\n\t\t\t\t\t<\/div>\n\t\t","protected":false},"excerpt":{"rendered":"<p>A V\u00e1llalkoz\u00f3k \u00e9s Munk\u00e1ltat\u00f3k Orsz\u00e1gos Sz\u00f6vets\u00e9g\u00e9nek (VOSZ) Heves megyei Szervezete \u00e9vr\u0151l \u00e9vre megszervezi a Megyei Prima d\u00edj\u00e1tad\u00f3 G\u00e1laestet. Ez a k\u00fcl\u00f6nleges esem\u00e9ny a megyei k\u00f6z\u00e9let legrangosabb t\u00e1rsadalmi esem\u00e9ny\u00e9v\u00e9 v\u00e1lt az elm\u00falt t\u00f6bb mint 10 \u00e9vben. A Heves megyei m\u0171v\u00e9sz \u00e9let kiemelked\u0151 k\u00e9pvisel\u0151inek a d\u00edjaz\u00e1sa \u00e9s mag\u00e1nak a d\u00edj\u00e1tad\u00f3 g\u00e1laestnek a&#8230;<\/p>\n","protected":false},"author":2,"featured_media":0,"parent":0,"menu_order":0,"comment_status":"closed","ping_status":"closed","template":"templates\/full-width-page.php","meta":[],"yoast_head":"<!-- This site is optimized with the Yoast SEO plugin v19.13 - https:\/\/yoast.com\/wordpress\/plugins\/seo\/ -->\n<title>T\u00e1mogasson minket! - Megyei prima<\/title>\n<meta name=\"robots\" content=\"index, follow, max-snippet:-1, max-image-preview:large, max-video-preview:-1\" \/>\n<link rel=\"canonical\" href=\"https:\/\/megyeiprima.hu\/?page_id=26\" \/>\n<meta property=\"og:locale\" content=\"hu_HU\" \/>\n<meta property=\"og:type\" content=\"article\" \/>\n<meta property=\"og:title\" content=\"T\u00e1mogasson minket! - Megyei prima\" \/>\n<meta property=\"og:description\" content=\"A V\u00e1llalkoz\u00f3k \u00e9s Munk\u00e1ltat\u00f3k Orsz\u00e1gos Sz\u00f6vets\u00e9g\u00e9nek (VOSZ) Heves megyei Szervezete \u00e9vr\u0151l \u00e9vre megszervezi a Megyei Prima d\u00edj\u00e1tad\u00f3 G\u00e1laestet. Ez a k\u00fcl\u00f6nleges esem\u00e9ny a megyei k\u00f6z\u00e9let legrangosabb t\u00e1rsadalmi esem\u00e9ny\u00e9v\u00e9 v\u00e1lt az elm\u00falt t\u00f6bb mint 10 \u00e9vben. A Heves megyei m\u0171v\u00e9sz \u00e9let kiemelked\u0151 k\u00e9pvisel\u0151inek a d\u00edjaz\u00e1sa \u00e9s mag\u00e1nak a d\u00edj\u00e1tad\u00f3 g\u00e1laestnek a...\" \/>\n<meta property=\"og:url\" content=\"https:\/\/megyeiprima.hu\/?page_id=26\" \/>\n<meta property=\"og:site_name\" content=\"Megyei prima\" \/>\n<meta property=\"article:modified_time\" content=\"2025-10-31T17:16:22+00:00\" \/>\n<meta property=\"og:image\" content=\"https:\/\/megyeiprima.hu\/wp-content\/uploads\/2021\/10\/image001.png\" \/>\n<meta name=\"twitter:card\" content=\"summary_large_image\" \/>\n<meta name=\"twitter:label1\" content=\"Becs\u00fclt olvas\u00e1si id\u0151\" \/>\n\t<meta name=\"twitter:data1\" content=\"2 perc\" \/>\n<script type=\"application\/ld+json\" class=\"yoast-schema-graph\">{\"@context\":\"https:\/\/schema.org\",\"@graph\":[{\"@type\":\"WebPage\",\"@id\":\"https:\/\/megyeiprima.hu\/?page_id=26\",\"url\":\"https:\/\/megyeiprima.hu\/?page_id=26\",\"name\":\"T\u00e1mogasson minket! - Megyei prima\",\"isPartOf\":{\"@id\":\"https:\/\/megyeiprima.hu\/#website\"},\"datePublished\":\"2020-07-09T08:07:50+00:00\",\"dateModified\":\"2025-10-31T17:16:22+00:00\",\"breadcrumb\":{\"@id\":\"https:\/\/megyeiprima.hu\/?page_id=26#breadcrumb\"},\"inLanguage\":\"hu\",\"potentialAction\":[{\"@type\":\"ReadAction\",\"target\":[\"https:\/\/megyeiprima.hu\/?page_id=26\"]}]},{\"@type\":\"BreadcrumbList\",\"@id\":\"https:\/\/megyeiprima.hu\/?page_id=26#breadcrumb\",\"itemListElement\":[{\"@type\":\"ListItem\",\"position\":1,\"name\":\"Kezd\u0151lap\",\"item\":\"https:\/\/megyeiprima.hu\/\"},{\"@type\":\"ListItem\",\"position\":2,\"name\":\"T\u00e1mogasson minket!\"}]},{\"@type\":\"WebSite\",\"@id\":\"https:\/\/megyeiprima.hu\/#website\",\"url\":\"https:\/\/megyeiprima.hu\/\",\"name\":\"Megyei prima\",\"description\":\"Heves megyei prima d\u00edj\",\"publisher\":{\"@id\":\"https:\/\/megyeiprima.hu\/#organization\"},\"potentialAction\":[{\"@type\":\"SearchAction\",\"target\":{\"@type\":\"EntryPoint\",\"urlTemplate\":\"https:\/\/megyeiprima.hu\/?s={search_term_string}\"},\"query-input\":\"required name=search_term_string\"}],\"inLanguage\":\"hu\"},{\"@type\":\"Organization\",\"@id\":\"https:\/\/megyeiprima.hu\/#organization\",\"name\":\"Heves Megyei Prima\",\"url\":\"https:\/\/megyeiprima.hu\/\",\"logo\":{\"@type\":\"ImageObject\",\"inLanguage\":\"hu\",\"@id\":\"https:\/\/megyeiprima.hu\/#\/schema\/logo\/image\/\",\"url\":\"\",\"contentUrl\":\"\",\"caption\":\"Heves Megyei Prima\"},\"image\":{\"@id\":\"https:\/\/megyeiprima.hu\/#\/schema\/logo\/image\/\"}}]}<\/script>\n<!-- \/ Yoast SEO plugin. -->","yoast_head_json":{"title":"T\u00e1mogasson minket! - Megyei prima","robots":{"index":"index","follow":"follow","max-snippet":"max-snippet:-1","max-image-preview":"max-image-preview:large","max-video-preview":"max-video-preview:-1"},"canonical":"https:\/\/megyeiprima.hu\/?page_id=26","og_locale":"hu_HU","og_type":"article","og_title":"T\u00e1mogasson minket! - Megyei prima","og_description":"A V\u00e1llalkoz\u00f3k \u00e9s Munk\u00e1ltat\u00f3k Orsz\u00e1gos Sz\u00f6vets\u00e9g\u00e9nek (VOSZ) Heves megyei Szervezete \u00e9vr\u0151l \u00e9vre megszervezi a Megyei Prima d\u00edj\u00e1tad\u00f3 G\u00e1laestet. Ez a k\u00fcl\u00f6nleges esem\u00e9ny a megyei k\u00f6z\u00e9let legrangosabb t\u00e1rsadalmi esem\u00e9ny\u00e9v\u00e9 v\u00e1lt az elm\u00falt t\u00f6bb mint 10 \u00e9vben. A Heves megyei m\u0171v\u00e9sz \u00e9let kiemelked\u0151 k\u00e9pvisel\u0151inek a d\u00edjaz\u00e1sa \u00e9s mag\u00e1nak a d\u00edj\u00e1tad\u00f3 g\u00e1laestnek a...","og_url":"https:\/\/megyeiprima.hu\/?page_id=26","og_site_name":"Megyei prima","article_modified_time":"2025-10-31T17:16:22+00:00","og_image":[{"url":"https:\/\/megyeiprima.hu\/wp-content\/uploads\/2021\/10\/image001.png"}],"twitter_card":"summary_large_image","twitter_misc":{"Becs\u00fclt olvas\u00e1si id\u0151":"2 perc"},"schema":{"@context":"https:\/\/schema.org","@graph":[{"@type":"WebPage","@id":"https:\/\/megyeiprima.hu\/?page_id=26","url":"https:\/\/megyeiprima.hu\/?page_id=26","name":"T\u00e1mogasson minket! - Megyei prima","isPartOf":{"@id":"https:\/\/megyeiprima.hu\/#website"},"datePublished":"2020-07-09T08:07:50+00:00","dateModified":"2025-10-31T17:16:22+00:00","breadcrumb":{"@id":"https:\/\/megyeiprima.hu\/?page_id=26#breadcrumb"},"inLanguage":"hu","potentialAction":[{"@type":"ReadAction","target":["https:\/\/megyeiprima.hu\/?page_id=26"]}]},{"@type":"BreadcrumbList","@id":"https:\/\/megyeiprima.hu\/?page_id=26#breadcrumb","itemListElement":[{"@type":"ListItem","position":1,"name":"Kezd\u0151lap","item":"https:\/\/megyeiprima.hu\/"},{"@type":"ListItem","position":2,"name":"T\u00e1mogasson minket!"}]},{"@type":"WebSite","@id":"https:\/\/megyeiprima.hu\/#website","url":"https:\/\/megyeiprima.hu\/","name":"Megyei prima","description":"Heves megyei prima d\u00edj","publisher":{"@id":"https:\/\/megyeiprima.hu\/#organization"},"potentialAction":[{"@type":"SearchAction","target":{"@type":"EntryPoint","urlTemplate":"https:\/\/megyeiprima.hu\/?s={search_term_string}"},"query-input":"required name=search_term_string"}],"inLanguage":"hu"},{"@type":"Organization","@id":"https:\/\/megyeiprima.hu\/#organization","name":"Heves Megyei Prima","url":"https:\/\/megyeiprima.hu\/","logo":{"@type":"ImageObject","inLanguage":"hu","@id":"https:\/\/megyeiprima.hu\/#\/schema\/logo\/image\/","url":"","contentUrl":"","caption":"Heves Megyei Prima"},"image":{"@id":"https:\/\/megyeiprima.hu\/#\/schema\/logo\/image\/"}}]}},"_links":{"self":[{"href":"https:\/\/megyeiprima.hu\/index.php?rest_route=\/wp\/v2\/pages\/26"}],"collection":[{"href":"https:\/\/megyeiprima.hu\/index.php?rest_route=\/wp\/v2\/pages"}],"about":[{"href":"https:\/\/megyeiprima.hu\/index.php?rest_route=\/wp\/v2\/types\/page"}],"author":[{"embeddable":true,"href":"https:\/\/megyeiprima.hu\/index.php?rest_route=\/wp\/v2\/users\/2"}],"replies":[{"embeddable":true,"href":"https:\/\/megyeiprima.hu\/index.php?rest_route=%2Fwp%2Fv2%2Fcomments&post=26"}],"version-history":[{"count":10,"href":"https:\/\/megyeiprima.hu\/index.php?rest_route=\/wp\/v2\/pages\/26\/revisions"}],"predecessor-version":[{"id":1701,"href":"https:\/\/megyeiprima.hu\/index.php?rest_route=\/wp\/v2\/pages\/26\/revisions\/1701"}],"wp:attachment":[{"href":"https:\/\/megyeiprima.hu\/index.php?rest_route=%2Fwp%2Fv2%2Fmedia&parent=26"}],"curies":[{"name":"wp","href":"https:\/\/api.w.org\/{rel}","templated":true}]}}